{"id":301,"date":"2018-06-13T03:24:31","date_gmt":"2018-06-13T06:24:31","guid":{"rendered":"http:\/\/accuracyfea.com\/?page_id=301"},"modified":"2021-11-09T21:45:30","modified_gmt":"2021-11-10T00:45:30","slug":"fluid-analysis","status":"publish","type":"page","link":"https:\/\/accuracyfea.com\/en\/fluid-analysis\/","title":{"rendered":"Fluid Analysis"},"content":{"rendered":"<div class=\"wpb_gallery wpb_content_element vc_clearfix\">\n<div class=\"wpb_wrapper\">\n<div class=\"wpb_gallery_slides wpb_image_grid\" data-interval=\"3\">\n<h3>With CFD Analysis we use algorithms to solve and analyze problems involving fluid flows.<\/h3>\n<p><img loading=\"lazy\" decoding=\"async\" data-attachment-id=\"751\" data-permalink=\"https:\/\/accuracyfea.com\/en\/5-3-3\/\" data-orig-file=\"https:\/\/i0.wp.com\/accuracyfea.com\/wp-content\/uploads\/2021\/10\/5-3.jpg?fit=480%2C344&amp;ssl=1\" data-orig-size=\"480,344\" data-comments-opened=\"1\" data-image-meta=\"{&quot;aperture&quot;:&quot;0&quot;,&quot;credit&quot;:&quot;&quot;,&quot;camera&quot;:&quot;&quot;,&quot;caption&quot;:&quot;&quot;,&quot;created_timestamp&quot;:&quot;0&quot;,&quot;copyright&quot;:&quot;&quot;,&quot;focal_length&quot;:&quot;0&quot;,&quot;iso&quot;:&quot;0&quot;,&quot;shutter_speed&quot;:&quot;0&quot;,&quot;title&quot;:&quot;&quot;,&quot;orientation&quot;:&quot;0&quot;}\" data-image-title=\"5 (3)\" data-image-description=\"\" data-image-caption=\"\" data-medium-file=\"https:\/\/i0.wp.com\/accuracyfea.com\/wp-content\/uploads\/2021\/10\/5-3.jpg?fit=300%2C215&amp;ssl=1\" data-large-file=\"https:\/\/i0.wp.com\/accuracyfea.com\/wp-content\/uploads\/2021\/10\/5-3.jpg?fit=480%2C344&amp;ssl=1\" src=\"https:\/\/i0.wp.com\/accuracyfea.com\/wp-content\/uploads\/2021\/10\/5-3.jpg?resize=150%2C150\" alt=\"\" width=\"150\" height=\"150\" class=\"alignnone wp-image-751 size-thumbnail\" srcset=\"https:\/\/i0.wp.com\/accuracyfea.com\/wp-content\/uploads\/2021\/10\/5-3.jpg?resize=150%2C150&amp;ssl=1 150w, https:\/\/i0.wp.com\/accuracyfea.com\/wp-content\/uploads\/2021\/10\/5-3.jpg?zoom=2&amp;resize=150%2C150 300w, https:\/\/i0.wp.com\/accuracyfea.com\/wp-content\/uploads\/2021\/10\/5-3.jpg?zoom=3&amp;resize=150%2C150 450w\" sizes=\"auto, (max-width: 150px) 100vw, 150px\" data-recalc-dims=\"1\" \/> <img loading=\"lazy\" decoding=\"async\" data-attachment-id=\"755\" data-permalink=\"https:\/\/accuracyfea.com\/en\/1-3-3\/\" data-orig-file=\"https:\/\/i0.wp.com\/accuracyfea.com\/wp-content\/uploads\/2021\/10\/1-3.png?fit=493%2C351&amp;ssl=1\" data-orig-size=\"493,351\" data-comments-opened=\"1\" data-image-meta=\"{&quot;aperture&quot;:&quot;0&quot;,&quot;credit&quot;:&quot;&quot;,&quot;camera&quot;:&quot;&quot;,&quot;caption&quot;:&quot;&quot;,&quot;created_timestamp&quot;:&quot;0&quot;,&quot;copyright&quot;:&quot;&quot;,&quot;focal_length&quot;:&quot;0&quot;,&quot;iso&quot;:&quot;0&quot;,&quot;shutter_speed&quot;:&quot;0&quot;,&quot;title&quot;:&quot;&quot;,&quot;orientation&quot;:&quot;0&quot;}\" data-image-title=\"1 (3)\" data-image-description=\"\" data-image-caption=\"\" data-medium-file=\"https:\/\/i0.wp.com\/accuracyfea.com\/wp-content\/uploads\/2021\/10\/1-3.png?fit=300%2C214&amp;ssl=1\" data-large-file=\"https:\/\/i0.wp.com\/accuracyfea.com\/wp-content\/uploads\/2021\/10\/1-3.png?fit=493%2C351&amp;ssl=1\" src=\"https:\/\/i0.wp.com\/accuracyfea.com\/wp-content\/uploads\/2021\/10\/1-3.png?resize=150%2C150\" alt=\"\" width=\"150\" height=\"150\" class=\"alignnone wp-image-755 size-thumbnail\" srcset=\"https:\/\/i0.wp.com\/accuracyfea.com\/wp-content\/uploads\/2021\/10\/1-3.png?resize=150%2C150&amp;ssl=1 150w, https:\/\/i0.wp.com\/accuracyfea.com\/wp-content\/uploads\/2021\/10\/1-3.png?zoom=2&amp;resize=150%2C150 300w, https:\/\/i0.wp.com\/accuracyfea.com\/wp-content\/uploads\/2021\/10\/1-3.png?zoom=3&amp;resize=150%2C150 450w\" sizes=\"auto, (max-width: 150px) 100vw, 150px\" data-recalc-dims=\"1\" \/> <img loading=\"lazy\" decoding=\"async\" data-attachment-id=\"750\" data-permalink=\"https:\/\/accuracyfea.com\/en\/6-3-2\/\" data-orig-file=\"https:\/\/i0.wp.com\/accuracyfea.com\/wp-content\/uploads\/2021\/10\/6-3.jpg?fit=1000%2C626&amp;ssl=1\" data-orig-size=\"1000,626\" data-comments-opened=\"1\" data-image-meta=\"{&quot;aperture&quot;:&quot;0&quot;,&quot;credit&quot;:&quot;&quot;,&quot;camera&quot;:&quot;&quot;,&quot;caption&quot;:&quot;&quot;,&quot;created_timestamp&quot;:&quot;0&quot;,&quot;copyright&quot;:&quot;&quot;,&quot;focal_length&quot;:&quot;0&quot;,&quot;iso&quot;:&quot;0&quot;,&quot;shutter_speed&quot;:&quot;0&quot;,&quot;title&quot;:&quot;&quot;,&quot;orientation&quot;:&quot;0&quot;}\" data-image-title=\"6 (3)\" data-image-description=\"\" data-image-caption=\"\" data-medium-file=\"https:\/\/i0.wp.com\/accuracyfea.com\/wp-content\/uploads\/2021\/10\/6-3.jpg?fit=300%2C188&amp;ssl=1\" data-large-file=\"https:\/\/i0.wp.com\/accuracyfea.com\/wp-content\/uploads\/2021\/10\/6-3.jpg?fit=750%2C470&amp;ssl=1\" src=\"https:\/\/i0.wp.com\/accuracyfea.com\/wp-content\/uploads\/2021\/10\/6-3.jpg?resize=150%2C150\" alt=\"\" width=\"150\" height=\"150\" class=\"alignnone wp-image-750 size-thumbnail\" srcset=\"https:\/\/i0.wp.com\/accuracyfea.com\/wp-content\/uploads\/2021\/10\/6-3.jpg?resize=150%2C150&amp;ssl=1 150w, https:\/\/i0.wp.com\/accuracyfea.com\/wp-content\/uploads\/2021\/10\/6-3.jpg?zoom=2&amp;resize=150%2C150 300w, https:\/\/i0.wp.com\/accuracyfea.com\/wp-content\/uploads\/2021\/10\/6-3.jpg?zoom=3&amp;resize=150%2C150 450w\" sizes=\"auto, (max-width: 150px) 100vw, 150px\" data-recalc-dims=\"1\" \/><img loading=\"lazy\" decoding=\"async\" data-attachment-id=\"60\" data-permalink=\"https:\/\/accuracyfea.com\/en\/fluid-analysis\/1-3\/\" data-orig-file=\"https:\/\/i0.wp.com\/accuracyfea.com\/wp-content\/uploads\/2021\/10\/1-2.png?fit=549%2C428&amp;ssl=1\" data-orig-size=\"549,428\" data-comments-opened=\"1\" data-image-meta=\"{&quot;aperture&quot;:&quot;0&quot;,&quot;credit&quot;:&quot;&quot;,&quot;camera&quot;:&quot;&quot;,&quot;caption&quot;:&quot;&quot;,&quot;created_timestamp&quot;:&quot;0&quot;,&quot;copyright&quot;:&quot;&quot;,&quot;focal_length&quot;:&quot;0&quot;,&quot;iso&quot;:&quot;0&quot;,&quot;shutter_speed&quot;:&quot;0&quot;,&quot;title&quot;:&quot;&quot;,&quot;orientation&quot;:&quot;0&quot;}\" data-image-title=\"Heat\" data-image-description=\"\" data-image-caption=\"\" data-medium-file=\"https:\/\/i0.wp.com\/accuracyfea.com\/wp-content\/uploads\/2021\/10\/1-2.png?fit=300%2C234&amp;ssl=1\" data-large-file=\"https:\/\/i0.wp.com\/accuracyfea.com\/wp-content\/uploads\/2021\/10\/1-2.png?fit=549%2C428&amp;ssl=1\" src=\"https:\/\/i0.wp.com\/box2107.temp.domains\/~accurac9\/accuracyfea\/wp-content\/uploads\/2021\/10\/1-2-150x150.png?resize=150%2C150\" alt=\"\" width=\"150\" height=\"150\" class=\"alignnone wp-image-60 size-thumbnail\" srcset=\"https:\/\/i0.wp.com\/accuracyfea.com\/wp-content\/uploads\/2021\/10\/1-2.png?resize=150%2C150&amp;ssl=1 150w, https:\/\/i0.wp.com\/accuracyfea.com\/wp-content\/uploads\/2021\/10\/1-2.png?zoom=2&amp;resize=150%2C150 300w, https:\/\/i0.wp.com\/accuracyfea.com\/wp-content\/uploads\/2021\/10\/1-2.png?zoom=3&amp;resize=150%2C150 450w\" sizes=\"auto, (max-width: 150px) 100vw, 150px\" data-recalc-dims=\"1\" \/><\/p>\n<\/div>\n<\/div>\n<\/div>\n<div id=\"text-block-3\" class=\"mk-text-block\">\n<p>Among the computational instruments available on the market, CFD analysis (Computation Fluid Dynamic Analysis) is one of the most powerful resources designers have to study fluid behavior. It can be used to calculate the temperature, velocity and pressure of fluids through an extremely accurate three-dimensional representation.<\/p>\n<p>The CFD analysis that can be performed are:<\/p>\n<ul>\n<li>Cooling systems<\/li>\n<li>Ventilation systems<\/li>\n<li>Heat flow in fluids and solids<\/li>\n<li>Heat exchangers<\/li>\n<li>Valves and other fluid devices<\/li>\n<li>Fluid-induced movement<\/li>\n<li>Internal and external fluid dynamic flows<\/li>\n<li>Aerodynamics<\/li>\n<li>Reduction of head loss<\/li>\n<li>Ducts and pipes<\/li>\n<li>Various types of systems<\/li>\n<li>HVAC (heating, ventilation and air conditioning)<\/li>\n<li>Flow optimization<\/li>\n<li>Dynamic simulation of energy recovery fluids<\/li>\n<li>Numerical simulation of the dispersion of substances<\/li>\n<\/ul>\n<\/div>","protected":false},"excerpt":{"rendered":"<p>Con el An\u00e1lisis CFD utilizamos algoritmos para resolver y analizar problemas que involucran flujos de fluidos. Entre los instrumentos computacionales disponibles en el mercado, el an\u00e1lisis CFD (Computation Fluid Dynamic Analysis) es uno de los recursos m\u00e1s poderosos que los dise\u00f1adores tienen para estudiar el comportamiento fluido. Se puede utilizar [&hellip;]<\/p>","protected":false},"author":1,"featured_media":1080,"parent":0,"menu_order":0,"comment_status":"closed","ping_status":"closed","template":"page-templates\/template-page-sidebar.php","meta":{"jetpack_post_was_ever_published":false,"footnotes":""},"class_list":["post-301","page","type-page","status-publish","has-post-thumbnail","hentry"],"jetpack_sharing_enabled":true,"jetpack_shortlink":"https:\/\/wp.me\/Paxrot-4R","_links":{"self":[{"href":"https:\/\/accuracyfea.com\/en\/wp-json\/wp\/v2\/pages\/301","targetHints":{"allow":["GET"]}}],"collection":[{"href":"https:\/\/accuracyfea.com\/en\/wp-json\/wp\/v2\/pages"}],"about":[{"href":"https:\/\/accuracyfea.com\/en\/wp-json\/wp\/v2\/types\/page"}],"author":[{"embeddable":true,"href":"https:\/\/accuracyfea.com\/en\/wp-json\/wp\/v2\/users\/1"}],"replies":[{"embeddable":true,"href":"https:\/\/accuracyfea.com\/en\/wp-json\/wp\/v2\/comments?post=301"}],"version-history":[{"count":5,"href":"https:\/\/accuracyfea.com\/en\/wp-json\/wp\/v2\/pages\/301\/revisions"}],"predecessor-version":[{"id":1078,"href":"https:\/\/accuracyfea.com\/en\/wp-json\/wp\/v2\/pages\/301\/revisions\/1078"}],"wp:featuredmedia":[{"embeddable":true,"href":"https:\/\/accuracyfea.com\/en\/wp-json\/wp\/v2\/media\/1080"}],"wp:attachment":[{"href":"https:\/\/accuracyfea.com\/en\/wp-json\/wp\/v2\/media?parent=301"}],"curies":[{"name":"wp","href":"https:\/\/api.w.org\/{rel}","templated":true}]}}