{"id":360,"date":"2018-06-14T05:58:25","date_gmt":"2018-06-14T08:58:25","guid":{"rendered":"http:\/\/accuracyfea.com\/?page_id=360"},"modified":"2018-06-14T06:29:22","modified_gmt":"2018-06-14T09:29:22","slug":"privacy-policy","status":"publish","type":"page","link":"https:\/\/accuracyfea.com\/en\/privacy-policy\/","title":{"rendered":"POL\u00cdTICA DE PRIVACIDAD"},"content":{"rendered":"<p><strong>POL\u00cdTICA DE PRIVACIDAD<\/strong><\/p>\n<p>Esta pol\u00edtica de privacidad (en adelante, la &#8220;Pol\u00edtica de Privacidad&#8221;) es aplicable a la navegaci\u00f3n y utilizaci\u00f3n del sitio de Internet www.accuracyfea.com (en adelante, el &#8220;Sitio Web&#8221;), as\u00ed como a los servicios y contenidos ofrecidos a trav\u00e9s \u00e9l (en adelante, conjuntamente los &#8220;Servicios&#8221;), y establece c\u00f3mo Accuracy S.A., (en adelante,&#8221;Accuracy&#8221; o &#8220;nosotros&#8221; indistintamente) recopila, almacena y trata los datos personales de sus usuarios y clientes (en adelante, &#8220;usted&#8221; o el &#8220;usuario&#8221; indistintamente).<\/p>\n<p>La privacidad de la informaci\u00f3n de los usuarios es muy importante para nosotros y esta Pol\u00edtica de Privacidad procura detallar de la forma lo m\u00e1s precisa posible los datos que se recogen del usuario y c\u00f3mo ser\u00e1n tratados. Lea atentamente esta Pol\u00edtica de Privacidad y SI NO EST\u00c1 DE ACUERDO, POR FAVOR ABST\u00c9NGASE DE USAR EL SITIO WEB Y DE PROPORCIONAR CUALQUIER INFORMACI\u00d3N PERSONAL A TRAV\u00c9S DEL MISMO.<\/p>\n<p>Podremos revisar y modificar esta Pol\u00edtica de Privacidad en cualquier momento que lo consideremos conveniente, sin previo aviso. Es su responsabilidad el revisar peri\u00f3dicamente la Pol\u00edtica de Privacidad para verificar si se ha producido alguna modificaci\u00f3n. Al hacer uso del Sitio Web una vez producida la modificaci\u00f3n, dicho uso implicar\u00e1 su aceptaci\u00f3n de los t\u00e9rminos modificados.<\/p>\n<p>Nos reservamos el derecho de interrumpir el acceso al Sitio Web a aquellos usuarios que no cumplan con la Pol\u00edtica de Privacidad.<\/p>\n<p>Este documento es parte integrante de los T\u00e9rminos y Condiciones, as\u00ed como de los T\u00e9rminos Generales del Servicio para Bodegas. Mediante la aceptaci\u00f3n de los T\u00e9rminos y Condiciones y\/o de los T\u00e9rminos Generales del Servicio para Bodegas, el usuario acepta las pol\u00edticas aqu\u00ed contenidas.<\/p>\n<p>&nbsp;<\/p>\n<ol>\n<li><strong>SU ACEPTACI\u00d3N Y CONSENTIMIENTO<\/strong><\/li>\n<\/ol>\n<p>El acceso, registro, participaci\u00f3n, suministro de datos, utilizaci\u00f3n y\/o navegaci\u00f3n en el Sitio Web, y\/o de sus Servicios asociados, implica que usted ha le\u00eddo, consentido y acepta plena y expresamente nuestra Pol\u00edtica de Privacidad.<\/p>\n<p>Asimismo, le informamos que el acceso a los Servicios brindados por medio del Sitio Web se halla condicionados, en gran parte de los casos, a que usted se registre previamente, para lo cual deber\u00e1 proporcionarnos determinada informaci\u00f3n que se encuentra especificada en el formulario de registro para usuarios disponible en el Sitio Web.<\/p>\n<p>Para registrarse en el Sitio Web y para utilizar nuestros servicios, usted debe\u00a0tener capacidad legal para contratar. Caso contrario, usted deber\u00e1 abstenerse de utilizar el Sitio Web y suministrar informaci\u00f3n personal. Los menores de edad \u00fanicamente podr\u00e1n utilizar los servicios a trav\u00e9s de sus padres o tutores.<\/p>\n<p>&nbsp;<\/p>\n<ol>\n<li><strong>EL COMPROMISO DEL USUARIO. CONTRASE\u00d1A PERSONAL<\/strong><\/li>\n<\/ol>\n<p>En ning\u00fan caso podr\u00e1 usar la cuenta de otro usuario sin la debida autorizaci\u00f3n, siendo usted responsable por los da\u00f1os y perjuicios ocasionados por el uso no autorizado de tal informaci\u00f3n.<\/p>\n<p>La mayor parte de los servicios ofrecidos por Accuracy est\u00e1n sujetos al registro previo de los usuarios y creaci\u00f3n de una cuenta de usuario, para lo cual dispondr\u00e1n de una contrase\u00f1a personal.<\/p>\n<p>El usuario ser\u00e1 responsable de todos los actos que tengan lugar mediante el uso de su contrase\u00f1a personal, lo que incluye hacerse cargo del pago de los importes que eventualmente se devenguen o por los perjuicios que puedan sufrir otros usuarios o Accuracy por tal motivo. Si usted sospecha por cualquier motivo que alguien puede conocer su contrase\u00f1a personal, deber\u00e1 modificarla ingresando inmediatamente.<\/p>\n<p>&nbsp;<\/p>\n<ul>\n<li><strong>NUESTRO COMPROMISO CON LA PROTECCION DE LOS DATOS PERSONALES<\/strong><\/li>\n<\/ul>\n<p>Estamos comprometidos con la protecci\u00f3n de la privacidad y confidencialidad de los datos personales que usted nos proporcione por cualquier medio. Por lo tanto, nos aseguramos de que nuestras pol\u00edticas y pr\u00e1cticas en relaci\u00f3n con la recopilaci\u00f3n, el uso, tratamiento, conservaci\u00f3n, la transferencia y el acceso de los datos personales, cumplan acabadamente con la Ley 25.326 de Protecci\u00f3n de los Datos Personales y dem\u00e1s normativa aplicable, adoptando para ello los recaudos t\u00e9cnicos y organizativos necesarios en lo que respecta a la custodia, almacenamiento, conservaci\u00f3n y confidencialidad de los datos personales, con el fin de evitar su alteraci\u00f3n, p\u00e9rdida, tratamiento o acceso no autorizado. Debido a que ninguna transmisi\u00f3n v\u00eda Internet puede garantizar su \u00edntegra seguridad, no podemos garantizar que los datos personales transmitidos a trav\u00e9s de este Sitio Web se encuentren completamente seguro, asumiendo usted este riesgo que declara conocer y aceptar.<\/p>\n<p>&nbsp;<\/p>\n<ol>\n<li><strong>INFORMACI\u00d3N QUE RECOLECTAMOS<\/strong><\/li>\n<\/ol>\n<p>Podemos obtener su informaci\u00f3n personal desde varias fuentes, incluyendo el Sitio Web, la plataforma para aplicaciones m\u00f3viles, cuando nos contacte telef\u00f3nicamente, nos env\u00ede un correo electr\u00f3nico o se comunique con nosotros a trav\u00e9s de cualquier red social en la que estemos presentes, o cuando participe en eventos u otras promociones organizados por Accuracy. Tambi\u00e9n podremos obtener su informaci\u00f3n personal a trav\u00e9s de afiliados, socios comerciales y otros terceros, en tanto usted hubiese prestado su consentimiento a tales fines.<\/p>\n<p>Los tipos de informaci\u00f3n personal que podemos recibir cuando usted utiliza el Sitio Web \u00a0y\/o los Servicios son:<\/p>\n<ul>\n<li>Su informaci\u00f3n de contacto;<\/li>\n<li>Informaci\u00f3n de contacto de amigos u otras personas que usted quiera que contactemos, respecto de lo cual usted manifiesta y garantiza que ha obtenido el consentimiento de dichos terceros para compartir su informaci\u00f3n personal con nosotros;<\/li>\n<li>Nombre de usuario y contrase\u00f1a de su cuenta establecida en nuestro Sitio Web. Las contrase\u00f1as se almacenan cifradas;<\/li>\n<li>Detalles de pago;<\/li>\n<li>Informaci\u00f3n sobre entrega de productos (incluyendo la direcci\u00f3n de entrega y n\u00famero de tel\u00e9fono);<\/li>\n<li>Informaci\u00f3n demogr\u00e1fica (como la edad, fecha de nacimiento y sexo);<\/li>\n<li>Informaci\u00f3n que provee al interactuar con nosotros a trav\u00e9s de a redes sociales;<\/li>\n<li>Comportamiento de compras y preferencias;<\/li>\n<li>Registro de las compras que realice en nuestro Sitio Web; y<\/li>\n<li>Otros detalles que usted pueda sugerirnos o que puedan incluirse en la informaci\u00f3n proporcionada a nosotros por terceros.<\/li>\n<\/ul>\n<p>&nbsp;<\/p>\n<p>Adem\u00e1s, tambi\u00e9n podemos utilizar herramientas de an\u00e1lisis de sitios web de terceros, que recogen informaci\u00f3n sobre el tr\u00e1fico de visitantes en nuestro Sitio Web, y las aplicaciones m\u00f3viles. La informaci\u00f3n que podemos recoger de forma autom\u00e1tica incluye:<\/p>\n<ul>\n<li>Informaci\u00f3n sobre los dispositivos que los visitantes utilizan para acceder a Internet;<\/li>\n<li>URLs que hacen referencia a los visitantes a nuestros sitios web;<\/li>\n<li>Las fechas y horas de visitas a nuestros sitios web;<\/li>\n<li>Informaci\u00f3n sobre las acciones tomadas en nuestros sitios (por ejemplo, p\u00e1ginas vistas y patrones de navegaci\u00f3n del sitio); y<\/li>\n<li>Los t\u00e9rminos de b\u00fasqueda que utilizan los visitantes para llegar a nuestro Sitio Web.<\/li>\n<\/ul>\n<p>&nbsp;<\/p>\n<ol>\n<li><strong>C\u00d3MO USAMOS LA INFORMACI\u00d3N QUE RECOGEMOS<\/strong><\/li>\n<\/ol>\n<p>La informaci\u00f3n que usted nos proporcione puede ser utilizada con fines diversos, lo cual usted acepta y consiente, tales como:<\/p>\n<ul>\n<li>Para personalizar su experiencia (su informaci\u00f3n nos ayuda a responder mejor a sus necesidades individuales);<\/li>\n<li>Para mejorar nuestro Sitio Web (nos esforzamos continuamente para mejorar los Servicios\u00a0del Sitio Web sobre la base de la informaci\u00f3n y la retroalimentaci\u00f3n que recibimos de usted);<\/li>\n<li>Para mejorar el servicio al cliente (su informaci\u00f3n nos ayuda a responder m\u00e1s eficazmente a sus solicitudes y a las necesidades de soporte t\u00e9cnico);<\/li>\n<li>Para enviar correos electr\u00f3nicos a la direcci\u00f3n que usted proporcione para el procesamiento de \u00f3rdenes y pedidos, para enviar informaci\u00f3n y actualizaciones correspondientes a su pedido, para \u00e9l envi\u00f3 de informaci\u00f3n de inter\u00e9s vinculada a nosotros, actualizaciones, productos o servicios y\/o al Sitio Web en general. Si en alg\u00fan momento desea darse de baja de recibir futuros correos electr\u00f3nicos, incluimos instrucciones detalladas en la parte inferior de cada correo electr\u00f3nico que enviamos;<\/li>\n<li>Para llevar a cabo concursos o cualquier otra acci\u00f3n de promoci\u00f3n y marketing del Sitio Web y\/o los Servicios y\/o Accuracy, realizar encuestas o para la administraci\u00f3n de cualquier de cualquier aspecto del Sitio Web.<\/li>\n<\/ul>\n<p>&nbsp;<\/p>\n<p>Cuando el usuario se registre en el Sitio Web y cree una cuenta de usuario (la &#8220;Cuenta de Usuario&#8221;), o de cualquier modo acceda a los Servicios de Accuracy a trav\u00e9s de su Cuenta de Usuario, consiente expresamente que Accuracy tenga acceso, en cualquier momento, a la totalidad de la informaci\u00f3n contenida en su Cuenta de Usuario, incluyendo en particular, pero sin limitaci\u00f3n, a sus datos personales, informaci\u00f3n sobre sus intereses, gustos, contactos y cualquier otro contenido alojado en su Cuenta de Usuario.<\/p>\n<p>Se le hace saber que la informaci\u00f3n y datos que usted nos proporcione voluntariamente a trav\u00e9s del Sitio Web o por cualquiera de los otros medios descriptos en esta Pol\u00edtica de Privacidad, se incluir\u00e1n en una base de datos que quedar\u00e1 bajo la responsabilidad de Accuracy S.A., con domicilio en la direcci\u00f3n que se indica en el punto XIII &#8220;CONSULTAS&#8221;.<\/p>\n<p>&nbsp;<\/p>\n<ol>\n<li><strong>COOKIES<\/strong><\/li>\n<\/ol>\n<p>El Sitio Web puede utilizar una tecnolog\u00eda est\u00e1ndar de identificaci\u00f3n llamada &#8220;cookies&#8221; para reconocerlo a usted y a sus privilegios de acceso al Sitio Web, as\u00ed como para recopilar informaci\u00f3n acerca de c\u00f3mo se est\u00e1 utilizando el Sitio Web. Las cookies son peque\u00f1os ficheros de texto que son enviados v\u00eda Internet a su navegador y que quedan almacenados en el disco duro de su computadora, lo que permite reconocer las m\u00e1quinas que acceden al Sitio Web. La informaci\u00f3n obtenida mediante el uso de cookies puede incluir la fecha y hora de la visita\/s, las p\u00e1ginas visitadas, el tiempo transcurrido en el Sitio Web y los sitios web que haya visitado inmediatamente antes y despu\u00e9s del Sitio Web. En ning\u00fan caso estos elementos servir\u00e1n para identificar a una persona concreta ya que su uso ser\u00e1 meramente t\u00e9cnico, sin embargo son \u00fatiles para ofrecer un mejor servicio a los usuarios y permitir la realizaci\u00f3n de contenidos avanzados. Usted puede impedir que su navegador acepte las cookies, en cuyo caso nosotros no podemos garantizar el correcto funcionamiento\u00a0del Sitio Web y de la prestaci\u00f3n de los Servicios ofrecidos por Accuracy.<\/p>\n<p>&nbsp;<\/p>\n<ul>\n<li><strong>DIVULGACI\u00d3N DE INFORMACI\u00d3N A TERCEROS<\/strong><\/li>\n<\/ul>\n<p>Nosotros no vendemos, comercializamos o transferimos sus datos personales a terceros. No obstante, para facilitar la interacci\u00f3n entre los distintos usuarios de Accuracy, podremos compartir su informaci\u00f3n, incluida su informaci\u00f3n personal, con terceros en las siguientes circunstancias:<\/p>\n<ul>\n<li>Para proporcionar nuestros Servicios, tales como en el caso de los otros usuarios a los que usted compra o vende-, con aquellas personas que nos asisten en la puesta a disposici\u00f3n de nuestro Sitio Web y prestaci\u00f3n de los Servicios. En todos los casos, nos aseguraremos que dichos terceros se comprometan a mantener la informaci\u00f3n confidencial, a utilizar la informaci\u00f3n personal para los fines relacionados con los Servicios y a cumplir con esta Pol\u00edtica de Privacidad;<\/li>\n<li>Cuando sea necesario para el cumplimiento de las Pol\u00edticas de Privacidad;<\/li>\n<li>Para proteger y defender nuestros derechos y propiedad, incluso mediante acciones judiciales;<\/li>\n<li>Para proteger su propiedad o seguridad personal, as\u00ed como la de los visitantes del Sitio Web en general;<\/li>\n<li>Si as\u00ed lo exige una orden judicial u otra autoridad gubernamental u organismos de regulaci\u00f3n competente para cumplir con un proceso legal o con la legislaci\u00f3n;<\/li>\n<li>En relaci\u00f3n con un evento corporativo, como una fusi\u00f3n o venta de la totalidad o parte de nuestro negocio, en el que necesitemos relevar informaci\u00f3n a un posible comprador y sus consejeros profesionales.<\/li>\n<\/ul>\n<p>&nbsp;<\/p>\n<ul>\n<li><strong>ENLACES A\u00a0SITIOS WEB DE TERCEROS<\/strong><\/li>\n<\/ul>\n<p>Nuestro Sitio Web puede contener enlaces hipertexto o hiperv\u00ednculo a otros sitios de Internet para su comodidad e informaci\u00f3n, pero no est\u00e1n patrocinados, controlados o vinculados de ninguna manera con Accuracy, nuestro Sitio Web y\/o con los Servicios. Esos sitios de terceros tienen pol\u00edticas de privacidad propias e independientes a las nuestras. Por lo tanto, usted acepta y reconoce que nosotros no tenemos responsabilidad alguna por los contenidos y actividades de esos sitios de terceros enlazados,\u00a0ni estamos obligados, directa o indirectamente, por ning\u00fan da\u00f1o o perjuicio derivado del uso de sitios de terceros, no respaldando ni siendo responsable por el contenido, pol\u00edticas de privacidad o pr\u00e1cticas de los mismos. Usted realiza el acceso a cualquier p\u00e1gina de otros sitios de Internet bajo su propio riesgo y responsabilidad. Recomendamos interiorizarse sobre las pol\u00edticas de privacidad de los sitios de Internet cuyos enlaces se indiquen en el Sitio Web.<\/p>\n<p>&nbsp;<\/p>\n<ol>\n<li><strong>SEGURIDAD<\/strong><\/li>\n<\/ol>\n<p>Realizamos todos los esfuerzos razonables e implementamos diversas medidas de seguridad para protegerla informaci\u00f3n personal que recogemos contra su destrucci\u00f3n accidental, ilegal, p\u00e9rdida, alteraci\u00f3n, acceso, divulgaci\u00f3n de su uso no autorizada.<\/p>\n<p>Tenga en cuenta que, debido al dise\u00f1o de Internet, la tecnolog\u00eda cambiante y otros factores que escapan a nuestro control, ninguna transmisi\u00f3n electr\u00f3nica de informaci\u00f3n puede ser totalmente segura. No podemos garantizar que las medidas de seguridad implementadas para salvaguardar su informaci\u00f3n personal no ser\u00e1n objeto de fallas, eventuales\u00a0accesos no autorizados por parte de terceros o que no suframos vulneraciones a los sistemas de seguridad, as\u00ed como que dichas medidas siempre ser\u00e1n suficientes o eficaces.<\/p>\n<p>No asumimos ninguna responsabilidad por la divulgaci\u00f3n de informaci\u00f3n personal debido a errores de transmisi\u00f3n o acciones no autorizadas o ilegales realizadas por terceros o su decisi\u00f3n de revelar su informaci\u00f3n personal. No ejercemos ning\u00fan control sobre c\u00f3mo se almacena, se mantiene o se muestra su informaci\u00f3n a terceros o en servicios de terceros o en sitios a los que es posible que usted tenga acceso en relaci\u00f3n con su uso del Sitio Web.<\/p>\n<p>&nbsp;<\/p>\n<ol>\n<li><strong>DERECHO DE ACCESO<\/strong><\/li>\n<\/ol>\n<p>Usted tiene derecho, previa acreditaci\u00f3n de su identidad, a acceder a su informaci\u00f3n personal en forma gratuita a intervalos no inferiores a seis (6) meses, salvo que se acredite inter\u00e9s leg\u00edtimo al efecto, as\u00ed como a solicitar que sus datos sean rectificados, actualizados o removidos de nuestras bases de datos. A tales efectos, deber\u00e1 enviar una nota con dicha solicitud a la siguiente direcci\u00f3n de correo electr\u00f3nico info@accuracyfea.com.<\/p>\n<p>En algunos casos Accuracy podr\u00e1 conservar determinada informaci\u00f3n personal que haya solicitado que sea removida, cuando sea necesario para resolver disputas o reclamos o de cualquier forma dar cumplimiento a lo establecido en los T\u00e9rminos y Condiciones.<\/p>\n<p>Se le hace saber que la Direcci\u00f3n Nacional de Protecci\u00f3n de Datos Personales, \u00f3rgano de control de la ley 25.326, tiene la atribuci\u00f3n de atender las denuncias y reclamos que se interpongan con relaci\u00f3n al incumplimiento de las normas sobre protecci\u00f3n de datos personales.<\/p>\n<p>&nbsp;<\/p>\n<ol>\n<li><strong>EXCLUSI\u00d3N VOLUNTARIA<\/strong><\/li>\n<\/ol>\n<p>La direcci\u00f3n de correo electr\u00f3nico que usted proporcione para el procesamiento de \u00f3rdenes o pedidos, podr\u00e1 ser utilizada para enviar informaci\u00f3n y actualizaciones correspondientes a su pedido, enviarle avisos de pago, informaci\u00f3n de cambios en nuestros productos y servicios, adem\u00e1s de recibir noticias de la compa\u00f1\u00eda, actualizaciones, productos o servicios relacionados con nosotros y con el Sitio Web.<\/p>\n<p>En general, considerando la prestaci\u00f3n de los Servicios, usted no podr\u00e1 optar por solicitar la baja y ser excluido de recibir futuros correos electr\u00f3nicos.<\/p>\n<p>Sin embargo, usted podr\u00e1 optar por la exclusi\u00f3n si no desea que le enviemos otro tipo de comunicaciones, como correos electr\u00f3nicos o actualizaciones sobre nuevos servicios y productos, debiendo seguir para ello el procedimiento que incluiremos al pie de cada correo electr\u00f3nico. Procesaremos su cancelaci\u00f3n de suscripci\u00f3n lo antes posible, pero debe saber que en algunos casos es posible que reciba algunos mensajes m\u00e1s hasta que se procese la cancelaci\u00f3n de la suscripci\u00f3n.<\/p>\n<p>&nbsp;<\/p>\n<ul>\n<li><strong>LEGISLACI\u00d3N APLICABLE Y JURISDICCI\u00d3N<\/strong><\/li>\n<\/ul>\n<p>Esta Pol\u00edtica de Privacidad se regir\u00e1 e interpretar\u00e1 de acuerdo con la legislaci\u00f3n de la Rep\u00fablica Argentina. Usted acepta que cualquier disputa, conflicto o divergencia que pudiera surgir y\/o derivarse del uso del Sitio Web y de esta Pol\u00edtica de Privacidad, su interpretaci\u00f3n, aplicaci\u00f3n y\/o cumplimiento, se someter\u00e1n a la jurisdicci\u00f3n de los tribunales nacionales ordinarios con sede en la Ciudad Aut\u00f3noma de Buenos Aires, renunciando expresamente a cualquier otro fuero o jurisdicci\u00f3n que pudiere corresponder.<\/p>\n<p>&nbsp;<\/p>\n<ul>\n<li><strong>CONSULTAS<\/strong><\/li>\n<\/ul>\n<p>Cualquier consulta acerca de nuestra Pol\u00edtica de Privacidad, por favor p\u00f3ngase en contacto con nosotros a trav\u00e9s del correo electr\u00f3nico a info@accuracyfea.com.<\/p>","protected":false},"excerpt":{"rendered":"<p>POL\u00cdTICA DE PRIVACIDAD Esta pol\u00edtica de privacidad (en adelante, la &#8220;Pol\u00edtica de Privacidad&#8221;) es aplicable a la navegaci\u00f3n y utilizaci\u00f3n del sitio de Internet www.accuracyfea.com (en adelante, el &#8220;Sitio Web&#8221;), as\u00ed como a los servicios y contenidos ofrecidos a trav\u00e9s \u00e9l (en adelante, conjuntamente los &#8220;Servicios&#8221;), y establece c\u00f3mo Accuracy [&hellip;]<\/p>","protected":false},"author":1,"featured_media":0,"parent":0,"menu_order":0,"comment_status":"closed","ping_status":"closed","template":"","meta":{"jetpack_post_was_ever_published":false,"footnotes":""},"class_list":["post-360","page","type-page","status-publish","hentry"],"jetpack_sharing_enabled":true,"jetpack_shortlink":"https:\/\/wp.me\/Paxrot-5O","_links":{"self":[{"href":"https:\/\/accuracyfea.com\/en\/wp-json\/wp\/v2\/pages\/360","targetHints":{"allow":["GET"]}}],"collection":[{"href":"https:\/\/accuracyfea.com\/en\/wp-json\/wp\/v2\/pages"}],"about":[{"href":"https:\/\/accuracyfea.com\/en\/wp-json\/wp\/v2\/types\/page"}],"author":[{"embeddable":true,"href":"https:\/\/accuracyfea.com\/en\/wp-json\/wp\/v2\/users\/1"}],"replies":[{"embeddable":true,"href":"https:\/\/accuracyfea.com\/en\/wp-json\/wp\/v2\/comments?post=360"}],"version-history":[{"count":2,"href":"https:\/\/accuracyfea.com\/en\/wp-json\/wp\/v2\/pages\/360\/revisions"}],"predecessor-version":[{"id":363,"href":"https:\/\/accuracyfea.com\/en\/wp-json\/wp\/v2\/pages\/360\/revisions\/363"}],"wp:attachment":[{"href":"https:\/\/accuracyfea.com\/en\/wp-json\/wp\/v2\/media?parent=360"}],"curies":[{"name":"wp","href":"https:\/\/api.w.org\/{rel}","templated":true}]}}